{"id":893,"date":"2023-06-29T09:08:57","date_gmt":"2023-06-29T07:08:57","guid":{"rendered":"http:\/\/www.amil-link.com\/chi-siamo\/"},"modified":"2023-07-13T10:48:49","modified_gmt":"2023-07-13T08:48:49","slug":"sobre-nosotros","status":"publish","type":"page","link":"http:\/\/www.amil-link.com\/es\/sobre-nosotros\/","title":{"rendered":"Qui\u00e9n somos"},"content":{"rendered":"\n<figure class=\"wp-block-image aligncenter size-full FigureNoMargin\"><img loading=\"lazy\" decoding=\"async\" width=\"1600\" height=\"900\" src=\"http:\/\/www.amil-link.com\/wp-content\/uploads\/2023\/07\/amil-care-chi-siamo-2.jpg\" alt=\"Amil-Care-chi-siamo\" class=\"wp-image-841\" title=\"Amil-Care-chi-siamo\" srcset=\"http:\/\/www.amil-link.com\/wp-content\/uploads\/2023\/07\/amil-care-chi-siamo-2.jpg 1600w, http:\/\/www.amil-link.com\/wp-content\/uploads\/2023\/07\/amil-care-chi-siamo-2-768x432.jpg 768w, http:\/\/www.amil-link.com\/wp-content\/uploads\/2023\/07\/amil-care-chi-siamo-2-1536x864.jpg 1536w\" sizes=\"auto, (max-width: 1600px) 100vw, 1600px\" \/><\/figure>\n\n\n\n<div class=\"wp-block-group is-style-container\">\n<div style=\"height:30px\" aria-hidden=\"true\" class=\"wp-block-spacer\"><\/div>\n\n\n\n<h1 class=\"wp-block-heading is-style-MediumTitle\">Qui\u00e9n somos<\/h1>\n\n\n\n<div style=\"height:15px\" aria-hidden=\"true\" class=\"wp-block-spacer\"><\/div>\n\n\n\n<div class=\"wp-block-group max-width-2\">\n<hr class=\"wp-block-separator has-text-color has-alpha-channel-opacity has-background is-style-wide\" style=\"background-color:#c9d98b;color:#c9d98b\"\/>\n<\/div>\n\n\n\n<div style=\"height:30px\" aria-hidden=\"true\" class=\"wp-block-spacer\"><\/div>\n\n\n\n<p><strong>AMIL Link<\/strong> es una divisi\u00f3n comercial de AMIL Care, una empresa especializada en la producci\u00f3n de equipos profesionales para la desinfecci\u00f3n de entornos hospitalarios e industriales.<\/p>\n\n\n\n<p><strong>AMIL Care<\/strong> se dedica a ofrecer productos innovadores y de alta calidad para aquellos que desean garantizar un <strong>entorno seguro<\/strong> para empleados, clientes y pacientes, al tiempo que minimizan la propagaci\u00f3n de microorganismos que pueden representar un riesgo para la salud de las personas.<\/p>\n\n\n\n<p>Desde la <strong>sanitizaci\u00f3n industrial<\/strong> hasta la <strong>desinfecci\u00f3n de ambientes hospitalarios<\/strong>, los productos desarrollados por nuestro equipo satisfacen las necesidades espec\u00edficas de desinfecci\u00f3n y sanitizaci\u00f3n de ambientes limitados.<\/p>\n\n\n\n<div style=\"height:30px\" aria-hidden=\"true\" class=\"wp-block-spacer\"><\/div>\n\n\n\n<div class=\"wp-block-group ColumnBorderRadius has-palette-2-background-color has-background\" style=\"padding-top:30px;padding-right:30px;padding-bottom:30px;padding-left:30px\">\n<h2 class=\"wp-block-heading is-style-MediumTitle has-white-color has-text-color\">AMIL Care: innovaci\u00f3n y fiabilidad en desinfecci\u00f3n<\/h2>\n\n\n\n<div style=\"height:15px\" aria-hidden=\"true\" class=\"wp-block-spacer\"><\/div>\n\n\n\n<div class=\"wp-block-group max-width-2\">\n<hr class=\"wp-block-separator has-text-color has-alpha-channel-opacity has-background is-style-wide\" style=\"background-color:#c9d98b;color:#c9d98b\"\/>\n<\/div>\n\n\n\n<div class=\"wp-block-columns are-vertically-aligned-center\">\n<div class=\"wp-block-column is-vertically-aligned-center\">\n<p class=\"has-white-color has-text-color\">\u00abAMIL\u00bb significa <strong>Laboratorios de Instrumentos M\u00e9dicos Avanzados,<\/strong> es sin\u00f3nimo de evoluci\u00f3n e innovaci\u00f3n en el campo de las soluciones m\u00e9dicas.<\/p>\n\n\n\n<p class=\"has-white-color has-text-color\">El motor de nuestra empresa es nuestra capacidad de evoluci\u00f3n <strong>constante<\/strong>, realizando an\u00e1lisis en profundidad de las necesidades del mercado y desarrollando soluciones innovadoras perfectamente adaptadas al panorama actual de la ciencia y la tecnolog\u00eda.<\/p>\n\n\n\n<p class=\"has-white-color has-text-color\">A lo largo de los a\u00f1os, <strong>AMIL Care<\/strong> se ha especializado en el desarrollo e implementaci\u00f3n de <strong>tecnolog\u00edas automatizadas avanzadas<\/strong> para estandarizar los <strong>procesos de desinfecci\u00f3n<\/strong>.<\/p>\n\n\n\n<p class=\"has-white-color has-text-color\">Nuestro objetivo principal es proporcionar est\u00e1ndares de eficacia que puedan replicarse y verificarse en cualquier contexto. Nuestra ambici\u00f3n es liderar la <strong>cultura de la desinfecci\u00f3n<\/strong>, promovi\u00e9ndola como una herramienta de prevenci\u00f3n eficaz basada en s\u00f3lidos fundamentos cient\u00edficos. Al ofrecer <strong>soluciones personalizadas que cumplen con la normativa vigente<\/strong>, nos comprometemos a satisfacer las necesidades de nuestros clientes garantizando altos est\u00e1ndares de <strong>confiabilidad<\/strong> y <strong>seguridad<\/strong>.<\/p>\n<\/div>\n\n\n\n<div class=\"wp-block-column is-vertically-aligned-center\">\n<figure class=\"wp-block-image size-full\"><img loading=\"lazy\" decoding=\"async\" width=\"554\" height=\"561\" src=\"http:\/\/www.amil-link.com\/wp-content\/uploads\/2023\/07\/affidabilita-nella-disinfezione.png\" alt=\"\" class=\"wp-image-849\"\/><\/figure>\n<\/div>\n<\/div>\n<\/div>\n\n\n\n<div style=\"height:100px\" aria-hidden=\"true\" class=\"wp-block-spacer\"><\/div>\n\n\n\n<h2 class=\"wp-block-heading is-style-MediumTitle\">Nuestros valores<\/h2>\n\n\n\n<div style=\"height:15px\" aria-hidden=\"true\" class=\"wp-block-spacer\"><\/div>\n\n\n\n<div class=\"wp-block-group max-width-2\">\n<hr class=\"wp-block-separator has-text-color has-alpha-channel-opacity has-background is-style-wide\" style=\"background-color:#c9d98b;color:#c9d98b\"\/>\n<\/div>\n\n\n\n<p><strong>AMIL Care<\/strong> se basa en los valores de integridad y profesionalismo hacia el personal, los clientes, la comunidad y el medio ambiente.<\/p>\n\n\n\n<p>Nuestra experiencia empresarial nos ha llevado a centrarnos en la fiabilidad y en la creaci\u00f3n de productos eficientes e innovadores.<\/p>\n\n\n\n<p>Adem\u00e1s, <strong>AMIL Care<\/strong> tiene <strong>un fuerte compromiso con la calidad del entorno en el que vivimos<\/strong>, lo que se traduce en la desinfecci\u00f3n de comunidades y entornos, mediante el uso de productos <strong>eco compatibles<\/strong> completamente <strong>biodegradables<\/strong>.<\/p>\n\n\n\n<p>Reconocemos que un mundo m\u00e1s saludable es un valor central que la sociedad debe perseguir y estamos comprometidos a promover esta conciencia a trav\u00e9s de nuestro conocimiento y acci\u00f3n.<\/p>\n\n\n\n<div style=\"height:100px\" aria-hidden=\"true\" class=\"wp-block-spacer\"><\/div>\n<\/div>\n\n\n\n<figure class=\"wp-block-image alignfull size-full NoMargin d-none d-md-block\"><img decoding=\"async\" src=\"http:\/\/www.amil-link.com\/wp-content\/uploads\/2023\/06\/layer-certificazioni-1.svg\" alt=\"\" class=\"wp-image-426\"\/><\/figure>\n\n\n\n<div class=\"wp-block-cover is-light RemoveWrongPx ColumnNoMargin\" style=\"padding-top:0px;padding-bottom:0px;min-height:350px;aspect-ratio:unset;\"><span aria-hidden=\"true\" class=\"wp-block-cover__background has-palette-1-background-color has-background-dim-100 has-background-dim\"><\/span><div class=\"wp-block-cover__inner-container\">\n<div style=\"height:30px\" aria-hidden=\"true\" class=\"wp-block-spacer d-block d-md-none\"><\/div>\n\n\n\n<div class=\"wp-block-group is-style-container\">\n<p class=\"has-white-color has-text-color has-large-font-size\">Certificaciones<\/p>\n\n\n\n<div class=\"wp-block-group max-width-1\">\n<hr class=\"wp-block-separator has-text-color has-white-color has-alpha-channel-opacity has-white-background-color has-background is-style-wide\"\/>\n<\/div>\n<\/div>\n\n\n\n<div class=\"wp-block-group is-style-container\">\n<div class=\"wp-block-columns\">\n<div class=\"wp-block-column\">\n<figure class=\"wp-block-image aligncenter size-full FigureNoMargin\"><img loading=\"lazy\" decoding=\"async\" width=\"150\" height=\"150\" src=\"http:\/\/www.amil-link.com\/wp-content\/uploads\/2023\/06\/italcert-1.png\" alt=\"\" class=\"wp-image-250\"\/><\/figure>\n<\/div>\n\n\n\n<div class=\"wp-block-column\">\n<figure class=\"wp-block-image aligncenter size-full FigureNoMargin\"><img loading=\"lazy\" decoding=\"async\" width=\"150\" height=\"150\" src=\"http:\/\/www.amil-link.com\/wp-content\/uploads\/2023\/06\/italcert-2.png\" alt=\"\" class=\"wp-image-251\"\/><\/figure>\n<\/div>\n\n\n\n<div class=\"wp-block-column\">\n<figure class=\"wp-block-image aligncenter size-full FigureNoMargin\"><img loading=\"lazy\" decoding=\"async\" width=\"150\" height=\"150\" src=\"http:\/\/www.amil-link.com\/wp-content\/uploads\/2023\/06\/prima.png\" alt=\"\" class=\"wp-image-254\"\/><\/figure>\n<\/div>\n\n\n\n<div class=\"wp-block-column\">\n<figure class=\"wp-block-image aligncenter size-full FigureNoMargin\"><img loading=\"lazy\" decoding=\"async\" width=\"150\" height=\"150\" src=\"http:\/\/www.amil-link.com\/wp-content\/uploads\/2023\/06\/prslab-1.png\" alt=\"\" class=\"wp-image-585\"\/><\/figure>\n<\/div>\n<\/div>\n<\/div>\n\n\n\n<div class=\"wp-block-group is-style-container\">\n<p class=\"has-white-color has-text-color has-large-font-size\">Registros y cumplimiento<\/p>\n\n\n\n<div class=\"wp-block-group max-width-1\">\n<hr class=\"wp-block-separator has-text-color has-white-color has-alpha-channel-opacity has-white-background-color has-background is-style-wide\"\/>\n<\/div>\n<\/div>\n\n\n\n<div class=\"wp-block-group is-style-container\">\n<div class=\"wp-block-columns\">\n<div class=\"wp-block-column\">\n<figure class=\"wp-block-image aligncenter size-full FigureNoMargin\"><img loading=\"lazy\" decoding=\"async\" width=\"150\" height=\"150\" src=\"http:\/\/www.amil-link.com\/wp-content\/uploads\/2023\/06\/ce-1.png\" alt=\"\" class=\"wp-image-581\"\/><\/figure>\n<\/div>\n\n\n\n<div class=\"wp-block-column\">\n<figure class=\"wp-block-image aligncenter size-full FigureNoMargin\"><img loading=\"lazy\" decoding=\"async\" width=\"150\" height=\"150\" src=\"http:\/\/www.amil-link.com\/wp-content\/uploads\/2023\/06\/0426.png\" alt=\"\" class=\"wp-image-253\"\/><\/figure>\n<\/div>\n\n\n\n<div class=\"wp-block-column\">\n<figure class=\"wp-block-image aligncenter size-full FigureNoMargin\"><img loading=\"lazy\" decoding=\"async\" width=\"300\" height=\"150\" src=\"http:\/\/www.amil-link.com\/wp-content\/uploads\/2023\/06\/off-autorizzata-eudamed.png\" alt=\"\" class=\"wp-image-595\"\/><\/figure>\n<\/div>\n\n\n\n<div class=\"wp-block-column\">\n<figure class=\"wp-block-image aligncenter size-full FigureNoMargin\"><img loading=\"lazy\" decoding=\"async\" width=\"300\" height=\"150\" src=\"http:\/\/www.amil-link.com\/wp-content\/uploads\/2023\/06\/fda-epa.png\" alt=\"\" class=\"wp-image-590\"\/><\/figure>\n<\/div>\n<\/div>\n<\/div>\n\n\n\n<div class=\"wp-block-group is-style-container\">\n<p class=\"has-white-color has-text-color has-large-font-size\">Patentes<\/p>\n\n\n\n<p class=\"has-white-color has-text-color\">Dispositivo para la dispensaci\u00f3n de desinfectantes o similares.<\/p>\n\n\n\n<div class=\"wp-block-group max-width-1\">\n<hr class=\"wp-block-separator has-text-color has-white-color has-alpha-channel-opacity has-white-background-color has-background is-style-wide\"\/>\n<\/div>\n<\/div>\n\n\n\n<div class=\"wp-block-group is-style-container\">\n<div class=\"wp-block-columns\">\n<div class=\"wp-block-column\">\n<figure class=\"wp-block-image aligncenter size-full FigureNoMargin\"><img loading=\"lazy\" decoding=\"async\" width=\"150\" height=\"150\" src=\"http:\/\/www.amil-link.com\/wp-content\/uploads\/2023\/06\/patent.png\" alt=\"\" class=\"wp-image-257\"\/><\/figure>\n\n\n\n<p class=\"has-text-align-center has-small-font-size\">EUROPEAN PATENT<br>EP2852467 B1<\/p>\n<\/div>\n\n\n\n<div class=\"wp-block-column\">\n<figure class=\"wp-block-image aligncenter size-full FigureNoMargin\"><img loading=\"lazy\" decoding=\"async\" width=\"300\" height=\"150\" src=\"http:\/\/www.amil-link.com\/wp-content\/uploads\/2023\/06\/uspto.png\" alt=\"\" class=\"wp-image-249\"\/><\/figure>\n\n\n\n<p class=\"has-text-align-center has-small-font-size\">US PATENT<br>US 9,662,671 B2<\/p>\n<\/div>\n\n\n\n<div class=\"wp-block-column\">\n<figure class=\"wp-block-image aligncenter size-full FigureNoMargin\"><img loading=\"lazy\" decoding=\"async\" width=\"300\" height=\"150\" src=\"http:\/\/www.amil-link.com\/wp-content\/uploads\/2023\/06\/impi.png\" alt=\"\" class=\"wp-image-252\"\/><\/figure>\n\n\n\n<p class=\"has-text-align-center has-small-font-size\">MEXICAN PATENT<br>No. 363725<\/p>\n<\/div>\n\n\n\n<div class=\"wp-block-column\">\n<figure class=\"wp-block-image aligncenter size-full FigureNoMargin\"><img loading=\"lazy\" decoding=\"async\" width=\"300\" height=\"150\" src=\"http:\/\/www.amil-link.com\/wp-content\/uploads\/2023\/06\/ministero-1.png\" alt=\"\" class=\"wp-image-277\"\/><\/figure>\n\n\n\n<p class=\"has-text-align-center has-small-font-size\">ITALIAN PATENT<br>No. 102012902055929<\/p>\n<\/div>\n<\/div>\n<\/div>\n<\/div><\/div>\n","protected":false},"excerpt":{"rendered":"<p>Qui\u00e9n somos AMIL Link es una divisi\u00f3n comercial de AMIL Care, una empresa especializada en la producci\u00f3n de equipos profesionales [&hellip;]<\/p>\n","protected":false},"author":1,"featured_media":843,"parent":0,"menu_order":0,"comment_status":"closed","ping_status":"closed","template":"","meta":{"_acf_changed":false,"inline_featured_image":false,"footnotes":""},"class_list":["post-893","page","type-page","status-publish","has-post-thumbnail","hentry"],"acf":[],"yoast_head":"<title>AMIL Care, qui\u00e9n somos y nuestros valores corporativos<\/title>\n<meta name=\"description\" content=\"El equipo AMIL Care fue creado para ofrecer productos de calidad para sanitizar ambientes y minimizar riesgos para la salud\" \/>\n<meta name=\"robots\" content=\"index, follow, max-snippet:-1, max-image-preview:large, max-video-preview:-1\" \/>\n<link rel=\"canonical\" href=\"http:\/\/www.amil-link.com\/es\/sobre-nosotros\/\" \/>\n<meta property=\"og:locale\" content=\"es_ES\" \/>\n<meta property=\"og:type\" content=\"article\" \/>\n<meta property=\"og:title\" content=\"AMIL Care, qui\u00e9n somos y nuestros valores corporativos\" \/>\n<meta property=\"og:description\" content=\"El equipo AMIL Care fue creado para ofrecer productos de calidad para sanitizar ambientes y minimizar riesgos para la salud\" \/>\n<meta property=\"og:url\" content=\"http:\/\/www.amil-link.com\/es\/sobre-nosotros\/\" \/>\n<meta property=\"og:site_name\" content=\"Amil Link\" \/>\n<meta property=\"article:modified_time\" content=\"2023-07-13T08:48:49+00:00\" \/>\n<meta property=\"og:image\" content=\"http:\/\/www.amil-link.com\/wp-content\/uploads\/2023\/07\/amil-care-chi-siamo-2.jpg\" \/>\n\t<meta property=\"og:image:width\" content=\"1600\" \/>\n\t<meta property=\"og:image:height\" content=\"900\" \/>\n\t<meta property=\"og:image:type\" content=\"image\/jpeg\" \/>\n<meta name=\"twitter:card\" content=\"summary_large_image\" \/>\n<meta name=\"twitter:label1\" content=\"Tiempo de lectura\" \/>\n\t<meta name=\"twitter:data1\" content=\"3 minutos\" \/>\n<script type=\"application\/ld+json\" class=\"yoast-schema-graph\">{\"@context\":\"https:\/\/schema.org\",\"@graph\":[{\"@type\":\"WebPage\",\"@id\":\"http:\/\/www.amil-link.com\/es\/sobre-nosotros\/\",\"url\":\"http:\/\/www.amil-link.com\/es\/sobre-nosotros\/\",\"name\":\"AMIL Care, qui\u00e9n somos y nuestros valores corporativos\",\"isPartOf\":{\"@id\":\"http:\/\/www.amil-link.com\/es\/#website\"},\"primaryImageOfPage\":{\"@id\":\"http:\/\/www.amil-link.com\/es\/sobre-nosotros\/#primaryimage\"},\"image\":{\"@id\":\"http:\/\/www.amil-link.com\/es\/sobre-nosotros\/#primaryimage\"},\"thumbnailUrl\":\"http:\/\/www.amil-link.com\/wp-content\/uploads\/2023\/07\/amil-care-chi-siamo-2.jpg\",\"datePublished\":\"2023-06-29T07:08:57+00:00\",\"dateModified\":\"2023-07-13T08:48:49+00:00\",\"description\":\"El equipo AMIL Care fue creado para ofrecer productos de calidad para sanitizar ambientes y minimizar riesgos para la salud\",\"breadcrumb\":{\"@id\":\"http:\/\/www.amil-link.com\/es\/sobre-nosotros\/#breadcrumb\"},\"inLanguage\":\"es\",\"potentialAction\":[{\"@type\":\"ReadAction\",\"target\":[\"http:\/\/www.amil-link.com\/es\/sobre-nosotros\/\"]}]},{\"@type\":\"ImageObject\",\"inLanguage\":\"es\",\"@id\":\"http:\/\/www.amil-link.com\/es\/sobre-nosotros\/#primaryimage\",\"url\":\"http:\/\/www.amil-link.com\/wp-content\/uploads\/2023\/07\/amil-care-chi-siamo-2.jpg\",\"contentUrl\":\"http:\/\/www.amil-link.com\/wp-content\/uploads\/2023\/07\/amil-care-chi-siamo-2.jpg\",\"width\":1600,\"height\":900},{\"@type\":\"BreadcrumbList\",\"@id\":\"http:\/\/www.amil-link.com\/es\/sobre-nosotros\/#breadcrumb\",\"itemListElement\":[{\"@type\":\"ListItem\",\"position\":1,\"name\":\"Home\",\"item\":\"http:\/\/www.amil-link.com\/es\/\"},{\"@type\":\"ListItem\",\"position\":2,\"name\":\"Qui\u00e9n somos\"}]},{\"@type\":\"WebSite\",\"@id\":\"http:\/\/www.amil-link.com\/es\/#website\",\"url\":\"http:\/\/www.amil-link.com\/es\/\",\"name\":\"AMIL Link\",\"description\":\"AMIL Link: disinfezione di alto livello e su misura\",\"publisher\":{\"@id\":\"http:\/\/www.amil-link.com\/es\/#organization\"},\"alternateName\":\"AMIL Link\",\"potentialAction\":[{\"@type\":\"SearchAction\",\"target\":{\"@type\":\"EntryPoint\",\"urlTemplate\":\"http:\/\/www.amil-link.com\/es\/?s={search_term_string}\"},\"query-input\":{\"@type\":\"PropertyValueSpecification\",\"valueRequired\":true,\"valueName\":\"search_term_string\"}}],\"inLanguage\":\"es\"},{\"@type\":\"Organization\",\"@id\":\"http:\/\/www.amil-link.com\/es\/#organization\",\"name\":\"AMIL Link\",\"url\":\"http:\/\/www.amil-link.com\/es\/\",\"logo\":{\"@type\":\"ImageObject\",\"inLanguage\":\"es\",\"@id\":\"http:\/\/www.amil-link.com\/es\/#\/schema\/logo\/image\/\",\"url\":\"http:\/\/www.amil-link.com\/wp-content\/uploads\/2023\/06\/logo-amil-link.svg\",\"contentUrl\":\"http:\/\/www.amil-link.com\/wp-content\/uploads\/2023\/06\/logo-amil-link.svg\",\"width\":312,\"height\":70,\"caption\":\"AMIL Link\"},\"image\":{\"@id\":\"http:\/\/www.amil-link.com\/es\/#\/schema\/logo\/image\/\"}}]}<\/script>","yoast_head_json":{"title":"AMIL Care, qui\u00e9n somos y nuestros valores corporativos","description":"El equipo AMIL Care fue creado para ofrecer productos de calidad para sanitizar ambientes y minimizar riesgos para la salud","robots":{"index":"index","follow":"follow","max-snippet":"max-snippet:-1","max-image-preview":"max-image-preview:large","max-video-preview":"max-video-preview:-1"},"canonical":"http:\/\/www.amil-link.com\/es\/sobre-nosotros\/","og_locale":"es_ES","og_type":"article","og_title":"AMIL Care, qui\u00e9n somos y nuestros valores corporativos","og_description":"El equipo AMIL Care fue creado para ofrecer productos de calidad para sanitizar ambientes y minimizar riesgos para la salud","og_url":"http:\/\/www.amil-link.com\/es\/sobre-nosotros\/","og_site_name":"Amil Link","article_modified_time":"2023-07-13T08:48:49+00:00","og_image":[{"width":1600,"height":900,"url":"http:\/\/www.amil-link.com\/wp-content\/uploads\/2023\/07\/amil-care-chi-siamo-2.jpg","type":"image\/jpeg"}],"twitter_card":"summary_large_image","twitter_misc":{"Tiempo de lectura":"3 minutos"},"schema":{"@context":"https:\/\/schema.org","@graph":[{"@type":"WebPage","@id":"http:\/\/www.amil-link.com\/es\/sobre-nosotros\/","url":"http:\/\/www.amil-link.com\/es\/sobre-nosotros\/","name":"AMIL Care, qui\u00e9n somos y nuestros valores corporativos","isPartOf":{"@id":"http:\/\/www.amil-link.com\/es\/#website"},"primaryImageOfPage":{"@id":"http:\/\/www.amil-link.com\/es\/sobre-nosotros\/#primaryimage"},"image":{"@id":"http:\/\/www.amil-link.com\/es\/sobre-nosotros\/#primaryimage"},"thumbnailUrl":"http:\/\/www.amil-link.com\/wp-content\/uploads\/2023\/07\/amil-care-chi-siamo-2.jpg","datePublished":"2023-06-29T07:08:57+00:00","dateModified":"2023-07-13T08:48:49+00:00","description":"El equipo AMIL Care fue creado para ofrecer productos de calidad para sanitizar ambientes y minimizar riesgos para la salud","breadcrumb":{"@id":"http:\/\/www.amil-link.com\/es\/sobre-nosotros\/#breadcrumb"},"inLanguage":"es","potentialAction":[{"@type":"ReadAction","target":["http:\/\/www.amil-link.com\/es\/sobre-nosotros\/"]}]},{"@type":"ImageObject","inLanguage":"es","@id":"http:\/\/www.amil-link.com\/es\/sobre-nosotros\/#primaryimage","url":"http:\/\/www.amil-link.com\/wp-content\/uploads\/2023\/07\/amil-care-chi-siamo-2.jpg","contentUrl":"http:\/\/www.amil-link.com\/wp-content\/uploads\/2023\/07\/amil-care-chi-siamo-2.jpg","width":1600,"height":900},{"@type":"BreadcrumbList","@id":"http:\/\/www.amil-link.com\/es\/sobre-nosotros\/#breadcrumb","itemListElement":[{"@type":"ListItem","position":1,"name":"Home","item":"http:\/\/www.amil-link.com\/es\/"},{"@type":"ListItem","position":2,"name":"Qui\u00e9n somos"}]},{"@type":"WebSite","@id":"http:\/\/www.amil-link.com\/es\/#website","url":"http:\/\/www.amil-link.com\/es\/","name":"AMIL Link","description":"AMIL Link: disinfezione di alto livello e su misura","publisher":{"@id":"http:\/\/www.amil-link.com\/es\/#organization"},"alternateName":"AMIL Link","potentialAction":[{"@type":"SearchAction","target":{"@type":"EntryPoint","urlTemplate":"http:\/\/www.amil-link.com\/es\/?s={search_term_string}"},"query-input":{"@type":"PropertyValueSpecification","valueRequired":true,"valueName":"search_term_string"}}],"inLanguage":"es"},{"@type":"Organization","@id":"http:\/\/www.amil-link.com\/es\/#organization","name":"AMIL Link","url":"http:\/\/www.amil-link.com\/es\/","logo":{"@type":"ImageObject","inLanguage":"es","@id":"http:\/\/www.amil-link.com\/es\/#\/schema\/logo\/image\/","url":"http:\/\/www.amil-link.com\/wp-content\/uploads\/2023\/06\/logo-amil-link.svg","contentUrl":"http:\/\/www.amil-link.com\/wp-content\/uploads\/2023\/06\/logo-amil-link.svg","width":312,"height":70,"caption":"AMIL Link"},"image":{"@id":"http:\/\/www.amil-link.com\/es\/#\/schema\/logo\/image\/"}}]}},"_links":{"self":[{"href":"http:\/\/www.amil-link.com\/es\/wp-json\/wp\/v2\/pages\/893","targetHints":{"allow":["GET"]}}],"collection":[{"href":"http:\/\/www.amil-link.com\/es\/wp-json\/wp\/v2\/pages"}],"about":[{"href":"http:\/\/www.amil-link.com\/es\/wp-json\/wp\/v2\/types\/page"}],"author":[{"embeddable":true,"href":"http:\/\/www.amil-link.com\/es\/wp-json\/wp\/v2\/users\/1"}],"replies":[{"embeddable":true,"href":"http:\/\/www.amil-link.com\/es\/wp-json\/wp\/v2\/comments?post=893"}],"version-history":[{"count":2,"href":"http:\/\/www.amil-link.com\/es\/wp-json\/wp\/v2\/pages\/893\/revisions"}],"predecessor-version":[{"id":906,"href":"http:\/\/www.amil-link.com\/es\/wp-json\/wp\/v2\/pages\/893\/revisions\/906"}],"wp:featuredmedia":[{"embeddable":true,"href":"http:\/\/www.amil-link.com\/es\/wp-json\/wp\/v2\/media\/843"}],"wp:attachment":[{"href":"http:\/\/www.amil-link.com\/es\/wp-json\/wp\/v2\/media?parent=893"}],"curies":[{"name":"wp","href":"https:\/\/api.w.org\/{rel}","templated":true}]}}