{"id":402,"date":"2023-06-01T10:28:45","date_gmt":"2023-06-01T08:28:45","guid":{"rendered":"http:\/\/www.amil-link.com\/homepage\/"},"modified":"2023-07-19T16:01:47","modified_gmt":"2023-07-19T14:01:47","slug":"homepage","status":"publish","type":"page","link":"http:\/\/www.amil-link.com\/es\/","title":{"rendered":"Homepage"},"content":{"rendered":"\n<div style=\"height:100px\" aria-hidden=\"true\" class=\"wp-block-spacer\"><\/div>\n\n\n\n<div class=\"wp-block-group is-style-container\">\n<div class=\"wp-block-columns are-vertically-aligned-center MonoColumns Order2ChangeOnMobile\">\n<div class=\"wp-block-column is-vertically-aligned-center\" style=\"flex-basis:40%\">\n<h1 class=\"wp-block-heading is-style-MediumTitle\">AMIL Link<br>Desinfecci\u00f3n de alto nivel.<\/h1>\n\n\n\n<div style=\"height:15px\" aria-hidden=\"true\" class=\"wp-block-spacer\"><\/div>\n\n\n\n<div class=\"wp-block-group max-width-5\">\n<hr class=\"wp-block-separator has-text-color has-palette-2-color has-alpha-channel-opacity has-palette-2-background-color has-background is-style-wide\"\/>\n<\/div>\n\n\n\n<p>La soluci\u00f3n de vanguardia para la gesti\u00f3n y control de la contaminaci\u00f3n microbiana en ambientes confinados de media y alta criticidad.<\/p>\n\n\n\n<p>Utilizamos un protocolo de actuaci\u00f3n espec\u00edfico, hecho a medida para adaptarnos a las necesidades del usuario, garantizando un resultado <strong>cualitativo, trazabilidad y facilidad de uso.<\/strong><\/p>\n\n\n\n<div style=\"height:15px\" aria-hidden=\"true\" class=\"wp-block-spacer\"><\/div>\n\n\n\n<div class=\"wp-block-buttons\">\n<div class=\"wp-block-button\"><a class=\"wp-block-button__link has-black-color has-palette-1-background-color has-text-color has-background wp-element-button\" href=\"http:\/\/www.amil-link.com\/es\/sobre-nosotros\/\">LEER M\u00c1S<\/a><\/div>\n<\/div>\n<\/div>\n\n\n\n<div class=\"wp-block-column is-vertically-aligned-center is-relative\" style=\"flex-basis:60%\">\n<div style=\"height:50px\" aria-hidden=\"true\" class=\"wp-block-spacer\"><\/div>\n\n\n\n<svg id=\"LayerUnderSlide\" version=\"1.1\" xmlns=\"http:\/\/www.w3.org\/2000\/svg\" xmlns:xlink=\"http:\/\/www.w3.org\/1999\/xlink\" x=\"0px\" y=\"0px\" viewBox=\"0 0 1150 1100\" style=\"enable-background:new 0 0 1150 1100;\" xml:space=\"preserve\">\n<g id=\"Layer_1\"><path class=\"st0\" d=\"M475.5,0C57,0-65.9,549.1,32.8,824.9c84.1,234.8,301.9,303.5,650.4,265.1c322.5-35.5,428.7-223.2,452-349 C1253.5,104.2,595.6,0,475.5,0z\" style=\"fill:#F4BB05;\"\/><\/g><\/svg>\n\n\n    <div id=\"fade_gallery-block_24e9cf80ecba7e2303b9b01017105197\" class=\"fade_gallery\">\r\n        <svg class=\"svg\">\r\n<clipPath id=\"my-clip-path\" clipPathUnits=\"objectBoundingBox\"><path d=\"M0.997,0.57 C1,0.166,0.766,0.005,0.413,0 c-0.315,-0.004,-0.475,0.315,-0.392,0.681 C0.083,0.955,0.319,1,0.615,0.98 C0.94,0.91,0.986,0.701,0.997,0.57\"><\/path><\/clipPath>\r\n<\/svg>            <div class=\"swiper\">\r\n                <div class=\"swiper-wrapper\">\r\n                                    <div class=\"swiper-slide\">\r\n                        <div class=\"clipped\" style=\"background-image:url(http:\/\/www.amil-link.com\/wp-content\/uploads\/2023\/06\/Disinfezione-di-alto-livello-3.jpg);\"><\/div>\r\n                    <\/div>\r\n                                        <div class=\"swiper-slide\">\r\n                        <div class=\"clipped\" style=\"background-image:url(http:\/\/www.amil-link.com\/wp-content\/uploads\/2023\/06\/Disinfezione-di-alto-livello-1.jpg);\"><\/div>\r\n                    <\/div>\r\n                                        <div class=\"swiper-slide\">\r\n                        <div class=\"clipped\" style=\"background-image:url(http:\/\/www.amil-link.com\/wp-content\/uploads\/2023\/06\/Disinfezione-di-alto-livello-2.jpg);\"><\/div>\r\n                    <\/div>\r\n                                    <\/div>\r\n                <div class=\"swiper-pagination\"><\/div>\r\n            <\/div>\r\n                <\/div>\r\n    <\/div>\n<\/div>\n<\/div>\n\n\n\n<div class=\"wp-block-group is-style-container\">\n<div style=\"height:50px\" aria-hidden=\"true\" class=\"wp-block-spacer\"><\/div>\n\n\n\n<hr class=\"wp-block-separator has-text-color has-palette-2-color has-alpha-channel-opacity has-palette-2-background-color has-background is-style-wide\"\/>\n\n\n\n<div style=\"height:50px\" aria-hidden=\"true\" class=\"wp-block-spacer\"><\/div>\n\n\n\n<div class=\"wp-block-columns MonoColumns\">\n<div class=\"wp-block-column ColumnBorderRadius has-palette-1-background-color has-background\">\n<div style=\"height:25px\" aria-hidden=\"true\" class=\"wp-block-spacer\"><\/div>\n\n\n\n<div class=\"wp-block-group\" style=\"padding-top:0px;padding-right:30px;padding-bottom:0px;padding-left:30px\">\n<p class=\"is-style-MediumTitle has-white-color has-text-color\">Desinfecci\u00f3n<br>personalizada.<\/p>\n\n\n\n<div class=\"wp-block-group max-width-4\">\n<hr class=\"wp-block-separator has-text-color has-palette-2-color has-alpha-channel-opacity has-palette-2-background-color has-background is-style-wide\"\/>\n<\/div>\n<\/div>\n\n\n\n<figure class=\"wp-block-image size-full\"><img loading=\"lazy\" decoding=\"async\" width=\"1003\" height=\"513\" src=\"http:\/\/www.amil-link.com\/wp-content\/uploads\/2023\/06\/soluzioni-su-misura-amil-link.png\" alt=\"Desinfecci\u00f3n personalizada\" class=\"wp-image-78\" title=\"Desinfecci\u00f3n personalizada\" srcset=\"http:\/\/www.amil-link.com\/wp-content\/uploads\/2023\/06\/soluzioni-su-misura-amil-link.png 1003w, http:\/\/www.amil-link.com\/wp-content\/uploads\/2023\/06\/soluzioni-su-misura-amil-link-768x393.png 768w\" sizes=\"auto, (max-width: 1003px) 100vw, 1003px\" \/><\/figure>\n\n\n\n<div class=\"wp-block-group\" style=\"padding-top:0px;padding-right:30px;padding-bottom:0px;padding-left:30px\">\n<p class=\"has-white-color has-text-color\">Descubre el servicio que mejor se adapta a tus necesidades utilizando nuestro configurador.<\/p>\n\n\n\n<div style=\"height:10px\" aria-hidden=\"true\" class=\"wp-block-spacer\"><\/div>\n\n\n\n<div class=\"wp-block-buttons\">\n<div class=\"wp-block-button\"><a class=\"wp-block-button__link has-black-color has-white-background-color has-text-color has-background wp-element-button\" href=\"http:\/\/www.amil-link.com\/es\/identilink\/\">IDENTILINK<\/a><\/div>\n<\/div>\n<\/div>\n\n\n\n<div style=\"height:25px\" aria-hidden=\"true\" class=\"wp-block-spacer\"><\/div>\n<\/div>\n\n\n\n<div class=\"wp-block-column ColumnBorderRadius has-palette-2-background-color has-background\">\n<div style=\"height:25px\" aria-hidden=\"true\" class=\"wp-block-spacer\"><\/div>\n\n\n\n<div class=\"wp-block-group\" style=\"padding-top:0px;padding-right:30px;padding-bottom:0px;padding-left:30px\">\n<p class=\"is-style-MediumTitle has-white-color has-text-color\">AMIL Tech,<br>aplicaciones innovadoras.<\/p>\n\n\n\n<div class=\"wp-block-group max-width-4\">\n<hr class=\"wp-block-separator has-text-color has-palette-1-color has-alpha-channel-opacity has-palette-1-background-color has-background is-style-wide\"\/>\n<\/div>\n<\/div>\n\n\n\n<figure class=\"wp-block-image size-full\"><img loading=\"lazy\" decoding=\"async\" width=\"1003\" height=\"513\" src=\"http:\/\/www.amil-link.com\/wp-content\/uploads\/2023\/06\/amil-tech-servizio-all-avanguardia.png\" alt=\"AMIL Tech, aplicaciones innovadoras.\" class=\"wp-image-79\" title=\"AMIL Tech, aplicaciones innovadoras.\" srcset=\"http:\/\/www.amil-link.com\/wp-content\/uploads\/2023\/06\/amil-tech-servizio-all-avanguardia.png 1003w, http:\/\/www.amil-link.com\/wp-content\/uploads\/2023\/06\/amil-tech-servizio-all-avanguardia-768x393.png 768w\" sizes=\"auto, (max-width: 1003px) 100vw, 1003px\" \/><\/figure>\n\n\n\n<div class=\"wp-block-group\" style=\"padding-top:0px;padding-right:30px;padding-bottom:0px;padding-left:30px\">\n<p class=\"has-white-color has-text-color\">Dise\u00f1o y personalizaci\u00f3n, un valioso servicio dirigido a empresas.<\/p>\n\n\n\n<div style=\"height:10px\" aria-hidden=\"true\" class=\"wp-block-spacer\"><\/div>\n\n\n\n<div class=\"wp-block-buttons\">\n<div class=\"wp-block-button BluArrow\"><a class=\"wp-block-button__link has-black-color has-white-background-color has-text-color has-background wp-element-button\" href=\"http:\/\/www.amil-link.com\/es\/amil-tech-desinfeccion-industrial\/\">LEER M\u00c1S<\/a><\/div>\n<\/div>\n<\/div>\n\n\n\n<div style=\"height:25px\" aria-hidden=\"true\" class=\"wp-block-spacer\"><\/div>\n<\/div>\n<\/div>\n<\/div>\n\n\n\n<div style=\"height:50px\" aria-hidden=\"true\" class=\"wp-block-spacer\"><\/div>\n\n\n\n<figure class=\"wp-block-image alignfull size-full NoMargin d-none d-md-block\"><img decoding=\"async\" src=\"http:\/\/www.amil-link.com\/wp-content\/uploads\/2023\/06\/layer-certificazioni-1.svg\" alt=\"\" class=\"wp-image-426\"\/><\/figure>\n\n\n\n<div class=\"wp-block-cover is-light RemoveWrongPx ColumnNoMargin\" style=\"padding-top:0px;padding-bottom:0px;min-height:350px;aspect-ratio:unset;\"><span aria-hidden=\"true\" class=\"wp-block-cover__background has-palette-1-background-color has-background-dim-100 has-background-dim\"><\/span><div class=\"wp-block-cover__inner-container\">\n<div style=\"height:30px\" aria-hidden=\"true\" class=\"wp-block-spacer d-block d-md-none\"><\/div>\n\n\n\n<div class=\"wp-block-group is-style-container\">\n<p class=\"has-white-color has-text-color has-large-font-size\">Certificaciones<\/p>\n\n\n\n<div class=\"wp-block-group max-width-1\">\n<hr class=\"wp-block-separator has-text-color has-white-color has-alpha-channel-opacity has-white-background-color has-background is-style-wide\"\/>\n<\/div>\n<\/div>\n\n\n\n<div class=\"wp-block-group is-style-container\">\n<div class=\"wp-block-columns\">\n<div class=\"wp-block-column\">\n<figure class=\"wp-block-image aligncenter size-full FigureNoMargin\"><img loading=\"lazy\" decoding=\"async\" width=\"150\" height=\"150\" src=\"http:\/\/www.amil-link.com\/wp-content\/uploads\/2023\/06\/italcert-1.png\" alt=\"\" class=\"wp-image-250\"\/><\/figure>\n<\/div>\n\n\n\n<div class=\"wp-block-column\">\n<figure class=\"wp-block-image aligncenter size-full FigureNoMargin\"><img loading=\"lazy\" decoding=\"async\" width=\"150\" height=\"150\" src=\"http:\/\/www.amil-link.com\/wp-content\/uploads\/2023\/06\/italcert-2.png\" alt=\"\" class=\"wp-image-251\"\/><\/figure>\n<\/div>\n\n\n\n<div class=\"wp-block-column\">\n<figure class=\"wp-block-image aligncenter size-full FigureNoMargin\"><img loading=\"lazy\" decoding=\"async\" width=\"150\" height=\"150\" src=\"http:\/\/www.amil-link.com\/wp-content\/uploads\/2023\/06\/prima.png\" alt=\"\" class=\"wp-image-254\"\/><\/figure>\n<\/div>\n\n\n\n<div class=\"wp-block-column\">\n<figure class=\"wp-block-image aligncenter size-full FigureNoMargin\"><img loading=\"lazy\" decoding=\"async\" width=\"150\" height=\"150\" src=\"http:\/\/www.amil-link.com\/wp-content\/uploads\/2023\/06\/prslab-1.png\" alt=\"\" class=\"wp-image-585\"\/><\/figure>\n<\/div>\n<\/div>\n<\/div>\n\n\n\n<div class=\"wp-block-group is-style-container\">\n<p class=\"has-white-color has-text-color has-large-font-size\">Registros y cumplimiento<\/p>\n\n\n\n<div class=\"wp-block-group max-width-1\">\n<hr class=\"wp-block-separator has-text-color has-white-color has-alpha-channel-opacity has-white-background-color has-background is-style-wide\"\/>\n<\/div>\n<\/div>\n\n\n\n<div class=\"wp-block-group is-style-container\">\n<div class=\"wp-block-columns\">\n<div class=\"wp-block-column\">\n<figure class=\"wp-block-image aligncenter size-full FigureNoMargin\"><img loading=\"lazy\" decoding=\"async\" width=\"150\" height=\"150\" src=\"http:\/\/www.amil-link.com\/wp-content\/uploads\/2023\/06\/ce-1.png\" alt=\"\" class=\"wp-image-581\"\/><\/figure>\n<\/div>\n\n\n\n<div class=\"wp-block-column\">\n<figure class=\"wp-block-image aligncenter size-full FigureNoMargin\"><img loading=\"lazy\" decoding=\"async\" width=\"150\" height=\"150\" src=\"http:\/\/www.amil-link.com\/wp-content\/uploads\/2023\/06\/0426.png\" alt=\"\" class=\"wp-image-253\"\/><\/figure>\n<\/div>\n\n\n\n<div class=\"wp-block-column\">\n<figure class=\"wp-block-image aligncenter size-full FigureNoMargin\"><img loading=\"lazy\" decoding=\"async\" width=\"300\" height=\"150\" src=\"http:\/\/www.amil-link.com\/wp-content\/uploads\/2023\/06\/off-autorizzata-eudamed.png\" alt=\"\" class=\"wp-image-595\"\/><\/figure>\n<\/div>\n\n\n\n<div class=\"wp-block-column\">\n<figure class=\"wp-block-image aligncenter size-full FigureNoMargin\"><img loading=\"lazy\" decoding=\"async\" width=\"300\" height=\"150\" src=\"http:\/\/www.amil-link.com\/wp-content\/uploads\/2023\/06\/fda-epa.png\" alt=\"\" class=\"wp-image-590\"\/><\/figure>\n<\/div>\n<\/div>\n<\/div>\n\n\n\n<div class=\"wp-block-group is-style-container\">\n<p class=\"has-white-color has-text-color has-large-font-size\">Patentes<\/p>\n\n\n\n<p class=\"has-white-color has-text-color\">Dispositivo para la dispensaci\u00f3n de desinfectantes o similares.<\/p>\n\n\n\n<div class=\"wp-block-group max-width-1\">\n<hr class=\"wp-block-separator has-text-color has-white-color has-alpha-channel-opacity has-white-background-color has-background is-style-wide\"\/>\n<\/div>\n<\/div>\n\n\n\n<div class=\"wp-block-group is-style-container\">\n<div class=\"wp-block-columns\">\n<div class=\"wp-block-column\">\n<figure class=\"wp-block-image aligncenter size-full FigureNoMargin\"><img loading=\"lazy\" decoding=\"async\" width=\"150\" height=\"150\" src=\"http:\/\/www.amil-link.com\/wp-content\/uploads\/2023\/06\/patent.png\" alt=\"\" class=\"wp-image-257\"\/><\/figure>\n\n\n\n<p class=\"has-text-align-center has-small-font-size\">EUROPEAN PATENT<br>EP2852467 B1<\/p>\n<\/div>\n\n\n\n<div class=\"wp-block-column\">\n<figure class=\"wp-block-image aligncenter size-full FigureNoMargin\"><img loading=\"lazy\" decoding=\"async\" width=\"300\" height=\"150\" src=\"http:\/\/www.amil-link.com\/wp-content\/uploads\/2023\/06\/uspto.png\" alt=\"\" class=\"wp-image-249\"\/><\/figure>\n\n\n\n<p class=\"has-text-align-center has-small-font-size\">US PATENT<br>US 9,662,671 B2<\/p>\n<\/div>\n\n\n\n<div class=\"wp-block-column\">\n<figure class=\"wp-block-image aligncenter size-full FigureNoMargin\"><img loading=\"lazy\" decoding=\"async\" width=\"300\" height=\"150\" src=\"http:\/\/www.amil-link.com\/wp-content\/uploads\/2023\/06\/impi.png\" alt=\"\" class=\"wp-image-252\"\/><\/figure>\n\n\n\n<p class=\"has-text-align-center has-small-font-size\">MEXICAN PATENT<br>No. 363725<\/p>\n<\/div>\n\n\n\n<div class=\"wp-block-column\">\n<figure class=\"wp-block-image aligncenter size-full FigureNoMargin\"><img loading=\"lazy\" decoding=\"async\" width=\"300\" height=\"150\" src=\"http:\/\/www.amil-link.com\/wp-content\/uploads\/2023\/06\/ministero-1.png\" alt=\"\" class=\"wp-image-277\"\/><\/figure>\n\n\n\n<p class=\"has-text-align-center has-small-font-size\">ITALIAN PATENT<br>No. 102012902055929<\/p>\n<\/div>\n<\/div>\n<\/div>\n<\/div><\/div>\n","protected":false},"excerpt":{"rendered":"<p>AMIL LinkDesinfecci\u00f3n de alto nivel. La soluci\u00f3n de vanguardia para la gesti\u00f3n y control de la contaminaci\u00f3n microbiana en ambientes [&hellip;]<\/p>\n","protected":false},"author":1,"featured_media":361,"parent":0,"menu_order":0,"comment_status":"closed","ping_status":"closed","template":"","meta":{"_acf_changed":false,"inline_featured_image":false,"footnotes":""},"class_list":["post-402","page","type-page","status-publish","has-post-thumbnail","hentry"],"acf":[],"yoast_head":"<title>AMIL Link: Desinfecci\u00f3n de alto nivel<\/title>\n<meta name=\"description\" content=\"La soluci\u00f3n de vanguardia para la gesti\u00f3n y control de la contaminaci\u00f3n microbiana en ambientes confinados de media y alta criticidad.\" \/>\n<meta name=\"robots\" content=\"index, follow, max-snippet:-1, max-image-preview:large, max-video-preview:-1\" \/>\n<link rel=\"canonical\" href=\"http:\/\/www.amil-link.com\/es\/\" \/>\n<meta property=\"og:locale\" content=\"es_ES\" \/>\n<meta property=\"og:type\" content=\"article\" \/>\n<meta property=\"og:title\" content=\"AMIL Link: Desinfecci\u00f3n de alto nivel\" \/>\n<meta property=\"og:description\" content=\"La soluci\u00f3n de vanguardia para la gesti\u00f3n y control de la contaminaci\u00f3n microbiana en ambientes confinados de media y alta criticidad.\" \/>\n<meta property=\"og:url\" content=\"http:\/\/www.amil-link.com\/es\/\" \/>\n<meta property=\"og:site_name\" content=\"Amil Link\" \/>\n<meta property=\"article:modified_time\" content=\"2023-07-19T14:01:47+00:00\" \/>\n<meta property=\"og:image\" content=\"http:\/\/www.amil-link.com\/wp-content\/uploads\/2023\/06\/Disinfezione-di-alto-livello-3.jpg\" \/>\n\t<meta property=\"og:image:width\" content=\"1000\" \/>\n\t<meta property=\"og:image:height\" content=\"1000\" \/>\n\t<meta property=\"og:image:type\" content=\"image\/jpeg\" \/>\n<meta name=\"twitter:card\" content=\"summary_large_image\" \/>\n<meta name=\"twitter:label1\" content=\"Tiempo de lectura\" \/>\n\t<meta name=\"twitter:data1\" content=\"4 minutos\" \/>\n<script type=\"application\/ld+json\" class=\"yoast-schema-graph\">{\"@context\":\"https:\/\/schema.org\",\"@graph\":[{\"@type\":\"WebPage\",\"@id\":\"http:\/\/www.amil-link.com\/es\/\",\"url\":\"http:\/\/www.amil-link.com\/es\/\",\"name\":\"AMIL Link: Desinfecci\u00f3n de alto nivel\",\"isPartOf\":{\"@id\":\"http:\/\/www.amil-link.com\/es\/#website\"},\"primaryImageOfPage\":{\"@id\":\"http:\/\/www.amil-link.com\/es\/#primaryimage\"},\"image\":{\"@id\":\"http:\/\/www.amil-link.com\/es\/#primaryimage\"},\"thumbnailUrl\":\"http:\/\/www.amil-link.com\/wp-content\/uploads\/2023\/06\/Disinfezione-di-alto-livello-3.jpg\",\"datePublished\":\"2023-06-01T08:28:45+00:00\",\"dateModified\":\"2023-07-19T14:01:47+00:00\",\"description\":\"La soluci\u00f3n de vanguardia para la gesti\u00f3n y control de la contaminaci\u00f3n microbiana en ambientes confinados de media y alta criticidad.\",\"breadcrumb\":{\"@id\":\"http:\/\/www.amil-link.com\/es\/#breadcrumb\"},\"inLanguage\":\"es\",\"potentialAction\":[{\"@type\":\"ReadAction\",\"target\":[\"http:\/\/www.amil-link.com\/es\/\"]}]},{\"@type\":\"ImageObject\",\"inLanguage\":\"es\",\"@id\":\"http:\/\/www.amil-link.com\/es\/#primaryimage\",\"url\":\"http:\/\/www.amil-link.com\/wp-content\/uploads\/2023\/06\/Disinfezione-di-alto-livello-3.jpg\",\"contentUrl\":\"http:\/\/www.amil-link.com\/wp-content\/uploads\/2023\/06\/Disinfezione-di-alto-livello-3.jpg\",\"width\":1000,\"height\":1000},{\"@type\":\"BreadcrumbList\",\"@id\":\"http:\/\/www.amil-link.com\/es\/#breadcrumb\",\"itemListElement\":[{\"@type\":\"ListItem\",\"position\":1,\"name\":\"Home\",\"item\":\"http:\/\/www.amil-link.com\/es\/\"},{\"@type\":\"ListItem\",\"position\":2,\"name\":\"Homepage\"}]},{\"@type\":\"WebSite\",\"@id\":\"http:\/\/www.amil-link.com\/es\/#website\",\"url\":\"http:\/\/www.amil-link.com\/es\/\",\"name\":\"AMIL Link\",\"description\":\"AMIL Link: disinfezione di alto livello e su misura\",\"publisher\":{\"@id\":\"http:\/\/www.amil-link.com\/es\/#organization\"},\"alternateName\":\"AMIL Link\",\"potentialAction\":[{\"@type\":\"SearchAction\",\"target\":{\"@type\":\"EntryPoint\",\"urlTemplate\":\"http:\/\/www.amil-link.com\/es\/?s={search_term_string}\"},\"query-input\":{\"@type\":\"PropertyValueSpecification\",\"valueRequired\":true,\"valueName\":\"search_term_string\"}}],\"inLanguage\":\"es\"},{\"@type\":\"Organization\",\"@id\":\"http:\/\/www.amil-link.com\/es\/#organization\",\"name\":\"AMIL Link\",\"url\":\"http:\/\/www.amil-link.com\/es\/\",\"logo\":{\"@type\":\"ImageObject\",\"inLanguage\":\"es\",\"@id\":\"http:\/\/www.amil-link.com\/es\/#\/schema\/logo\/image\/\",\"url\":\"http:\/\/www.amil-link.com\/wp-content\/uploads\/2023\/06\/logo-amil-link.svg\",\"contentUrl\":\"http:\/\/www.amil-link.com\/wp-content\/uploads\/2023\/06\/logo-amil-link.svg\",\"width\":312,\"height\":70,\"caption\":\"AMIL Link\"},\"image\":{\"@id\":\"http:\/\/www.amil-link.com\/es\/#\/schema\/logo\/image\/\"}}]}<\/script>","yoast_head_json":{"title":"AMIL Link: Desinfecci\u00f3n de alto nivel","description":"La soluci\u00f3n de vanguardia para la gesti\u00f3n y control de la contaminaci\u00f3n microbiana en ambientes confinados de media y alta criticidad.","robots":{"index":"index","follow":"follow","max-snippet":"max-snippet:-1","max-image-preview":"max-image-preview:large","max-video-preview":"max-video-preview:-1"},"canonical":"http:\/\/www.amil-link.com\/es\/","og_locale":"es_ES","og_type":"article","og_title":"AMIL Link: Desinfecci\u00f3n de alto nivel","og_description":"La soluci\u00f3n de vanguardia para la gesti\u00f3n y control de la contaminaci\u00f3n microbiana en ambientes confinados de media y alta criticidad.","og_url":"http:\/\/www.amil-link.com\/es\/","og_site_name":"Amil Link","article_modified_time":"2023-07-19T14:01:47+00:00","og_image":[{"width":1000,"height":1000,"url":"http:\/\/www.amil-link.com\/wp-content\/uploads\/2023\/06\/Disinfezione-di-alto-livello-3.jpg","type":"image\/jpeg"}],"twitter_card":"summary_large_image","twitter_misc":{"Tiempo de lectura":"4 minutos"},"schema":{"@context":"https:\/\/schema.org","@graph":[{"@type":"WebPage","@id":"http:\/\/www.amil-link.com\/es\/","url":"http:\/\/www.amil-link.com\/es\/","name":"AMIL Link: Desinfecci\u00f3n de alto nivel","isPartOf":{"@id":"http:\/\/www.amil-link.com\/es\/#website"},"primaryImageOfPage":{"@id":"http:\/\/www.amil-link.com\/es\/#primaryimage"},"image":{"@id":"http:\/\/www.amil-link.com\/es\/#primaryimage"},"thumbnailUrl":"http:\/\/www.amil-link.com\/wp-content\/uploads\/2023\/06\/Disinfezione-di-alto-livello-3.jpg","datePublished":"2023-06-01T08:28:45+00:00","dateModified":"2023-07-19T14:01:47+00:00","description":"La soluci\u00f3n de vanguardia para la gesti\u00f3n y control de la contaminaci\u00f3n microbiana en ambientes confinados de media y alta criticidad.","breadcrumb":{"@id":"http:\/\/www.amil-link.com\/es\/#breadcrumb"},"inLanguage":"es","potentialAction":[{"@type":"ReadAction","target":["http:\/\/www.amil-link.com\/es\/"]}]},{"@type":"ImageObject","inLanguage":"es","@id":"http:\/\/www.amil-link.com\/es\/#primaryimage","url":"http:\/\/www.amil-link.com\/wp-content\/uploads\/2023\/06\/Disinfezione-di-alto-livello-3.jpg","contentUrl":"http:\/\/www.amil-link.com\/wp-content\/uploads\/2023\/06\/Disinfezione-di-alto-livello-3.jpg","width":1000,"height":1000},{"@type":"BreadcrumbList","@id":"http:\/\/www.amil-link.com\/es\/#breadcrumb","itemListElement":[{"@type":"ListItem","position":1,"name":"Home","item":"http:\/\/www.amil-link.com\/es\/"},{"@type":"ListItem","position":2,"name":"Homepage"}]},{"@type":"WebSite","@id":"http:\/\/www.amil-link.com\/es\/#website","url":"http:\/\/www.amil-link.com\/es\/","name":"AMIL Link","description":"AMIL Link: disinfezione di alto livello e su misura","publisher":{"@id":"http:\/\/www.amil-link.com\/es\/#organization"},"alternateName":"AMIL Link","potentialAction":[{"@type":"SearchAction","target":{"@type":"EntryPoint","urlTemplate":"http:\/\/www.amil-link.com\/es\/?s={search_term_string}"},"query-input":{"@type":"PropertyValueSpecification","valueRequired":true,"valueName":"search_term_string"}}],"inLanguage":"es"},{"@type":"Organization","@id":"http:\/\/www.amil-link.com\/es\/#organization","name":"AMIL Link","url":"http:\/\/www.amil-link.com\/es\/","logo":{"@type":"ImageObject","inLanguage":"es","@id":"http:\/\/www.amil-link.com\/es\/#\/schema\/logo\/image\/","url":"http:\/\/www.amil-link.com\/wp-content\/uploads\/2023\/06\/logo-amil-link.svg","contentUrl":"http:\/\/www.amil-link.com\/wp-content\/uploads\/2023\/06\/logo-amil-link.svg","width":312,"height":70,"caption":"AMIL Link"},"image":{"@id":"http:\/\/www.amil-link.com\/es\/#\/schema\/logo\/image\/"}}]}},"_links":{"self":[{"href":"http:\/\/www.amil-link.com\/es\/wp-json\/wp\/v2\/pages\/402","targetHints":{"allow":["GET"]}}],"collection":[{"href":"http:\/\/www.amil-link.com\/es\/wp-json\/wp\/v2\/pages"}],"about":[{"href":"http:\/\/www.amil-link.com\/es\/wp-json\/wp\/v2\/types\/page"}],"author":[{"embeddable":true,"href":"http:\/\/www.amil-link.com\/es\/wp-json\/wp\/v2\/users\/1"}],"replies":[{"embeddable":true,"href":"http:\/\/www.amil-link.com\/es\/wp-json\/wp\/v2\/comments?post=402"}],"version-history":[{"count":14,"href":"http:\/\/www.amil-link.com\/es\/wp-json\/wp\/v2\/pages\/402\/revisions"}],"predecessor-version":[{"id":1038,"href":"http:\/\/www.amil-link.com\/es\/wp-json\/wp\/v2\/pages\/402\/revisions\/1038"}],"wp:featuredmedia":[{"embeddable":true,"href":"http:\/\/www.amil-link.com\/es\/wp-json\/wp\/v2\/media\/361"}],"wp:attachment":[{"href":"http:\/\/www.amil-link.com\/es\/wp-json\/wp\/v2\/media?parent=402"}],"curies":[{"name":"wp","href":"https:\/\/api.w.org\/{rel}","templated":true}]}}